{"id":183,"date":"2026-03-30T21:17:32","date_gmt":"2026-03-30T21:17:32","guid":{"rendered":"https:\/\/albaniafashionweek.net\/?page_id=183"},"modified":"2026-03-30T21:49:03","modified_gmt":"2026-03-30T21:49:03","slug":"news","status":"publish","type":"page","link":"https:\/\/albaniafashionweek.net\/index.php\/news\/","title":{"rendered":"News"},"content":{"rendered":"<blockquote class=\"wp-embedded-content\" data-secret=\"muOE66VEMR\"><p><a href=\"https:\/\/www.ilmetropolitano.it\/2025\/11\/02\/gentiana-dervishi-lancia-tirana-nel-circuito-delle-capitali-della-moda-mondiale\/\">Gentiana Dervishi &#8220;lancia&#8221; Tirana nel circuito delle Capitali della moda mondiale<\/a><\/p><\/blockquote>\n<p><iframe loading=\"lazy\" class=\"wp-embedded-content\" sandbox=\"allow-scripts\" security=\"restricted\" style=\"position: absolute; visibility: hidden;\" title=\"&#8220;Gentiana Dervishi &#8220;lancia&#8221; Tirana nel circuito delle Capitali della moda mondiale&#8221; &#8212; IlMetropolitano.it\" src=\"https:\/\/www.ilmetropolitano.it\/2025\/11\/02\/gentiana-dervishi-lancia-tirana-nel-circuito-delle-capitali-della-moda-mondiale\/embed\/#?secret=GL65RQXkzh#?secret=muOE66VEMR\" data-secret=\"muOE66VEMR\" width=\"600\" height=\"338\"  marginwidth=\"0\" marginheight=\"0\" scrolling=\"no\"><\/iframe><\/p>\n<blockquote class=\"wp-embedded-content\" data-secret=\"izwkPHlxiJ\"><p><a href=\"https:\/\/www.cittadinovara.com\/2025\/11\/gentiana-dervishi-dadozione-novarese-lancia-lalbania-nel-circuito-delle-capitali-della-moda-mondiale\/\">Gentiana Dervishi, d&#8217;adozione novarese, lancia l\u2019Albania nel circuito delle capitali della moda mondiale<\/a><\/p><\/blockquote>\n<p><iframe loading=\"lazy\" class=\"wp-embedded-content\" sandbox=\"allow-scripts\" security=\"restricted\" style=\"position: absolute; visibility: hidden;\" title=\"&#8220;Gentiana Dervishi, d&#8217;adozione novarese, lancia l\u2019Albania nel circuito delle capitali della moda mondiale&#8221; &#8212; Citt\u00e0 di Novara\" src=\"https:\/\/www.cittadinovara.com\/2025\/11\/gentiana-dervishi-dadozione-novarese-lancia-lalbania-nel-circuito-delle-capitali-della-moda-mondiale\/embed\/#?secret=PKwW43Ivdl#?secret=izwkPHlxiJ\" data-secret=\"izwkPHlxiJ\" width=\"600\" height=\"338\"  marginwidth=\"0\" marginheight=\"0\" scrolling=\"no\"><\/iframe><\/p>\n<blockquote class=\"wp-embedded-content\" data-secret=\"fGVhbx8IKV\"><p><a href=\"https:\/\/rinascimentomagazine.it\/lifestyle\/albania-fashion-week-nel-circuito-delle-capitali-mondiali-della-moda\/\">Albania Fashion Week, nel circuito delle capitali mondiali della moda<\/a><\/p><\/blockquote>\n<p><iframe loading=\"lazy\" class=\"wp-embedded-content\" sandbox=\"allow-scripts\" security=\"restricted\" style=\"position: absolute; visibility: hidden;\" title=\"&#8220;Albania Fashion Week, nel circuito delle capitali mondiali della moda&#8221; &#8212; Rinascimento Magazine\" src=\"https:\/\/rinascimentomagazine.it\/lifestyle\/albania-fashion-week-nel-circuito-delle-capitali-mondiali-della-moda\/embed\/#?secret=zCFGejMWyB#?secret=fGVhbx8IKV\" data-secret=\"fGVhbx8IKV\" width=\"600\" height=\"338\"  marginwidth=\"0\" marginheight=\"0\" scrolling=\"no\"><\/iframe><\/p>\n<blockquote class=\"wp-embedded-content\" data-secret=\"ZHmNIApAFv\"><p><a href=\"https:\/\/portraitlife.eu\/albania-fashion-week-settimana-della-moda-ufficiale\/\">Albania Fashion Week: Settimana della Moda Ufficiale<\/a><\/p><\/blockquote>\n<p><iframe loading=\"lazy\" class=\"wp-embedded-content\" sandbox=\"allow-scripts\" security=\"restricted\" style=\"position: absolute; visibility: hidden;\" title=\"&#8220;Albania Fashion Week: Settimana della Moda Ufficiale&#8221; &#8212; Portrait Life\" src=\"https:\/\/portraitlife.eu\/albania-fashion-week-settimana-della-moda-ufficiale\/embed\/#?secret=R4n1MH85pf#?secret=ZHmNIApAFv\" data-secret=\"ZHmNIApAFv\" width=\"600\" height=\"338\"  marginwidth=\"0\" marginheight=\"0\" scrolling=\"no\"><\/iframe><\/p>\n<blockquote class=\"wp-embedded-content\" data-secret=\"OWt424raDx\"><p><a href=\"https:\/\/www.helveticalforum.ch\/albania-fashion-week-ne-rangun-e-kryeqyteteve-boterore-te-modes\/\">Albania Fashion Week n\u00eb rangun e kryeqyteteve bot\u00ebrore t\u00eb mod\u00ebs<\/a><\/p><\/blockquote>\n<p><iframe loading=\"lazy\" class=\"wp-embedded-content\" sandbox=\"allow-scripts\" security=\"restricted\" style=\"position: absolute; visibility: hidden;\" title=\"&#8220;Albania Fashion Week n\u00eb rangun e kryeqyteteve bot\u00ebrore t\u00eb mod\u00ebs&#8221; &#8212; HelveticALForum\" src=\"https:\/\/www.helveticalforum.ch\/albania-fashion-week-ne-rangun-e-kryeqyteteve-boterore-te-modes\/embed\/#?secret=nhIrGFQrsA#?secret=OWt424raDx\" data-secret=\"OWt424raDx\" width=\"600\" height=\"338\"  marginwidth=\"0\" marginheight=\"0\" scrolling=\"no\"><\/iframe><\/p>\n<blockquote class=\"wp-embedded-content\" data-secret=\"OWt424raDx\"><p><a href=\"https:\/\/www.helveticalforum.ch\/albania-fashion-week-ne-rangun-e-kryeqyteteve-boterore-te-modes\/\">Albania Fashion Week n\u00eb rangun e kryeqyteteve bot\u00ebrore t\u00eb mod\u00ebs<\/a><\/p><\/blockquote>\n<p><iframe loading=\"lazy\" class=\"wp-embedded-content\" sandbox=\"allow-scripts\" security=\"restricted\" style=\"position: absolute; visibility: hidden;\" title=\"&#8220;Albania Fashion Week n\u00eb rangun e kryeqyteteve bot\u00ebrore t\u00eb mod\u00ebs&#8221; &#8212; HelveticALForum\" src=\"https:\/\/www.helveticalforum.ch\/albania-fashion-week-ne-rangun-e-kryeqyteteve-boterore-te-modes\/embed\/#?secret=nhIrGFQrsA#?secret=OWt424raDx\" data-secret=\"OWt424raDx\" width=\"600\" height=\"338\"  marginwidth=\"0\" marginheight=\"0\" scrolling=\"no\"><\/iframe><\/p>\n<p>&nbsp;<\/p>\n<h5 class=\"entry-title mb-30 font-weight-500\"><a href=\"https:\/\/www.dfashionmagazine.com\/article-detail.php?id=1713&amp;utm_source=chatgpt.com\">Gentiana Dervishi launches Albania into the circuit of the world\u2019s fashion capitals<\/a><\/h5>\n<h5 class=\"tz-post-title\"><a href=\"https:\/\/www.cchic-magazine.com\/Presse.php?ID=3105&amp;utm_source=chatgpt.com\">Albanian Fashion Week &#8211; Gentiana Dervishi launches Albania into the circuit of the world\u2019s fashion capitals<\/a><\/h5>\n<blockquote class=\"wp-embedded-content\" data-secret=\"IPcwwEPPHQ\"><p><a href=\"https:\/\/perqasje.com\/2025\/11\/gentiana-dervishi-e-vendos-shqiperine-ne-rangun-e-kryeqyteteve-boterore-te-modes\/\">Gentiana Dervishi e vendos Shqip\u00ebrin\u00eb n\u00eb rangun e kryeqyteteve bot\u00ebrore t\u00eb mod\u00ebs<\/a><\/p><\/blockquote>\n<p><iframe loading=\"lazy\" class=\"wp-embedded-content\" sandbox=\"allow-scripts\" security=\"restricted\" style=\"position: absolute; visibility: hidden;\" title=\"&#8220;Gentiana Dervishi e vendos Shqip\u00ebrin\u00eb n\u00eb rangun e kryeqyteteve bot\u00ebrore t\u00eb mod\u00ebs&#8221; &#8212; Perqasje\" src=\"https:\/\/perqasje.com\/2025\/11\/gentiana-dervishi-e-vendos-shqiperine-ne-rangun-e-kryeqyteteve-boterore-te-modes\/embed\/#?secret=x0UzSfNYYO#?secret=IPcwwEPPHQ\" data-secret=\"IPcwwEPPHQ\" width=\"600\" height=\"338\"  marginwidth=\"0\" marginheight=\"0\" scrolling=\"no\"><\/iframe><\/p>\n<h5><a href=\"https:\/\/www.radioradicale.it\/scheda\/774615\/albania-italianofona\"><strong>Intervista ad Alessio Marrari, di Artur Nura<\/strong><\/a><\/h5>\n<h5 class=\"entry-title\"><a href=\"https:\/\/heypeachmag.com\/h-gentiana-dervishi-kathierwnei-tin-alvania-stis-pagkosmies-proteuouses-ths-modas\/\">\u0397 Gentiana Dervishi \u03ba\u03b1\u03b8\u03b9\u03b5\u03c1\u03ce\u03bd\u03b5\u03b9 \u03c4\u03b7\u03bd \u0391\u03bb\u03b2\u03b1\u03bd<\/a>\u03af<a href=\"https:\/\/heypeachmag.com\/h-gentiana-dervishi-kathierwnei-tin-alvania-stis-pagkosmies-proteuouses-ths-modas\/\">\u03b1 \u03c3\u03c4\u03b9\u03c2 \u03c0\u03b1\u03b3\u03ba\u03cc\u03c3\u03bc\u03b9\u03b5\u03c2 \u03c0\u03c1\u03c9\u03c4\u03b5\u03cd\u03bf\u03c5\u03c3\u03b5\u03c2 \u03c4\u03b7\u03c2 \u03bc\u03cc\u03b4\u03b1\u03c2<\/a><\/h5>\n<blockquote class=\"wp-embedded-content\" data-secret=\"lKTFDAITyg\"><p><a href=\"https:\/\/gxgroup.it\/2025\/11\/03\/gentiana-dervishi-lancia-lalbania-nel-circuito-delle-capitali-della-moda-mondiale\/\">Gentiana Dervishi lancia l\u2019Albania nel circuito delle capitali della moda mondiale<\/a><\/p><\/blockquote>\n<p><iframe loading=\"lazy\" class=\"wp-embedded-content\" sandbox=\"allow-scripts\" security=\"restricted\" style=\"position: absolute; visibility: hidden;\" title=\"&#8220;Gentiana Dervishi lancia l\u2019Albania nel circuito delle capitali della moda mondiale&#8221; &#8212; GX Fashion Week\" src=\"https:\/\/gxgroup.it\/2025\/11\/03\/gentiana-dervishi-lancia-lalbania-nel-circuito-delle-capitali-della-moda-mondiale\/embed\/#?secret=TISxJzE66w#?secret=lKTFDAITyg\" data-secret=\"lKTFDAITyg\" width=\"600\" height=\"338\"  marginwidth=\"0\" marginheight=\"0\" scrolling=\"no\"><\/iframe><\/p>\n<p>&nbsp;<\/p>\n<blockquote class=\"wp-embedded-content\" data-secret=\"DCwEAOIik7\"><p><a href=\"https:\/\/www.fashionluxury.info\/en\/fashion-en\/07\/11\/2025\/gentiana-dervishi-launches-albania-into-the-circuit-of-the-worlds-fashion-capitals\/\">Gentiana Dervishi launches Albania into the circuit of the world\u2019s fashion capitals<\/a><\/p><\/blockquote>\n<p><iframe loading=\"lazy\" class=\"wp-embedded-content\" sandbox=\"allow-scripts\" security=\"restricted\" style=\"position: absolute; visibility: hidden;\" title=\"&#8220;Gentiana Dervishi launches Albania into the circuit of the world\u2019s fashion capitals&#8221; &#8212; Fashionluxury\" src=\"https:\/\/www.fashionluxury.info\/en\/fashion-en\/07\/11\/2025\/gentiana-dervishi-launches-albania-into-the-circuit-of-the-worlds-fashion-capitals\/embed\/#?secret=FRHz4RyS7B#?secret=DCwEAOIik7\" data-secret=\"DCwEAOIik7\" width=\"600\" height=\"338\"  marginwidth=\"0\" marginheight=\"0\" scrolling=\"no\"><\/iframe><\/p>\n<p>&nbsp;<\/p>\n<h3 class=\"post-title\"><\/h3>\n<blockquote class=\"wp-embedded-content\" data-secret=\"81PusYRTZf\"><p><a href=\"https:\/\/frame-discover.de\/2025\/11\/18\/albania-fashion-week-2025-ein-neues-kapitel-europaeischer-modegeschichte\/\">Albania Fashion Week 2025 \u2013 Ein neues Kapitel europ\u00e4ischer Modegeschichte<\/a><\/p><\/blockquote>\n<p><iframe loading=\"lazy\" class=\"wp-embedded-content\" sandbox=\"allow-scripts\" security=\"restricted\" style=\"position: absolute; visibility: hidden;\" title=\"&#8222;Albania Fashion Week 2025 \u2013 Ein neues Kapitel europ\u00e4ischer Modegeschichte&#8220; &#8211; frame-discover.de\" src=\"https:\/\/frame-discover.de\/2025\/11\/18\/albania-fashion-week-2025-ein-neues-kapitel-europaeischer-modegeschichte\/embed\/#?secret=pYVyfdPWBS#?secret=81PusYRTZf\" data-secret=\"81PusYRTZf\" width=\"600\" height=\"338\"  marginwidth=\"0\" marginheight=\"0\" scrolling=\"no\"><\/iframe><\/p>\n<p>&nbsp;<\/p>\n","protected":false},"excerpt":{"rendered":"<p>&nbsp; Gentiana Dervishi launches Albania into the circuit of the world\u2019s fashion capitals Albanian Fashion Week &#8211; Gentiana Dervishi launches Albania into the circuit of the world\u2019s fashion capitals Intervista ad Alessio Marrari, di Artur Nura \u0397 Gentiana Dervishi \u03ba\u03b1\u03b8\u03b9\u03b5\u03c1\u03ce\u03bd\u03b5\u03b9 \u03c4\u03b7\u03bd \u0391\u03bb\u03b2\u03b1\u03bd\u03af\u03b1 \u03c3\u03c4\u03b9\u03c2 \u03c0\u03b1\u03b3\u03ba\u03cc\u03c3\u03bc\u03b9\u03b5\u03c2 \u03c0\u03c1\u03c9\u03c4\u03b5\u03cd\u03bf\u03c5\u03c3\u03b5\u03c2 \u03c4\u03b7\u03c2 \u03bc\u03cc\u03b4\u03b1\u03c2 Gentiana Dervishi lancia l\u2019Albania nel circuito delle capitali<\/p>\n<div class=\"excerpt-more\"><a href=\"https:\/\/albaniafashionweek.net\/index.php\/news\/\" class=\"more-link\"> [&hellip;] <span class=\"screen-reader-text\">News<\/span><\/a><\/div>\n","protected":false},"author":1,"featured_media":173,"parent":0,"menu_order":0,"comment_status":"closed","ping_status":"closed","template":"","meta":{"_acf_changed":false,"footnotes":""},"class_list":["post-183","page","type-page","status-publish","has-post-thumbnail","hentry"],"acf":[],"aioseo_notices":[],"_links":{"self":[{"href":"https:\/\/albaniafashionweek.net\/index.php\/wp-json\/wp\/v2\/pages\/183","targetHints":{"allow":["GET"]}}],"collection":[{"href":"https:\/\/albaniafashionweek.net\/index.php\/wp-json\/wp\/v2\/pages"}],"about":[{"href":"https:\/\/albaniafashionweek.net\/index.php\/wp-json\/wp\/v2\/types\/page"}],"author":[{"embeddable":true,"href":"https:\/\/albaniafashionweek.net\/index.php\/wp-json\/wp\/v2\/users\/1"}],"replies":[{"embeddable":true,"href":"https:\/\/albaniafashionweek.net\/index.php\/wp-json\/wp\/v2\/comments?post=183"}],"version-history":[{"count":4,"href":"https:\/\/albaniafashionweek.net\/index.php\/wp-json\/wp\/v2\/pages\/183\/revisions"}],"predecessor-version":[{"id":189,"href":"https:\/\/albaniafashionweek.net\/index.php\/wp-json\/wp\/v2\/pages\/183\/revisions\/189"}],"wp:featuredmedia":[{"embeddable":true,"href":"https:\/\/albaniafashionweek.net\/index.php\/wp-json\/wp\/v2\/media\/173"}],"wp:attachment":[{"href":"https:\/\/albaniafashionweek.net\/index.php\/wp-json\/wp\/v2\/media?parent=183"}],"curies":[{"name":"wp","href":"https:\/\/api.w.org\/{rel}","templated":true}]}}